{"id":1064,"date":"2020-07-28T11:10:54","date_gmt":"2020-07-28T04:10:54","guid":{"rendered":"http:\/\/robostock.vn\/web\/?page_id=1064"},"modified":"2021-03-12T08:46:32","modified_gmt":"2021-03-12T01:46:32","slug":"huong-dan-mo-tai-khoan-online-o-vps","status":"publish","type":"page","link":"https:\/\/robostock.vn\/web\/huong-dan-mo-tai-khoan-online-o-vps\/","title":{"rendered":"H\u01b0\u1edbng d\u1eabn m\u1edf t\u00e0i kho\u1ea3n Online \u1edf VPS"},"content":{"rendered":"\n<p>\u0110i\u1ec1n th\u00f4ng tin v\u00e0o link d\u01b0\u1edbi \u0111\u00e2y,<strong> m\u00e3 m\u00f4i gi\u1edbi c\u1ee7a RBS l\u00e0 <\/strong>3338<\/p>\n\n\n\n<p><a href=\"https:\/\/openaccount.vps.com.vn?MKTID=3338\">https:\/\/openaccount.vps.com.vn?MKTID=3338<\/a><\/p>\n\n\n\n<figure class=\"wp-block-image size-large\"><img loading=\"lazy\" decoding=\"async\" width=\"1024\" height=\"536\" src=\"https:\/\/robostock.vn\/web\/wp-content\/uploads\/2020\/12\/Screenshot-2020-12-30-143559-1024x536.png\" alt=\"\" class=\"wp-image-1325\" srcset=\"https:\/\/robostock.vn\/web\/wp-content\/uploads\/2020\/12\/Screenshot-2020-12-30-143559-1024x536.png 1024w, https:\/\/robostock.vn\/web\/wp-content\/uploads\/2020\/12\/Screenshot-2020-12-30-143559-300x157.png 300w, https:\/\/robostock.vn\/web\/wp-content\/uploads\/2020\/12\/Screenshot-2020-12-30-143559-768x402.png 768w, https:\/\/robostock.vn\/web\/wp-content\/uploads\/2020\/12\/Screenshot-2020-12-30-143559-1200x628.png 1200w, https:\/\/robostock.vn\/web\/wp-content\/uploads\/2020\/12\/Screenshot-2020-12-30-143559.png 1327w\" sizes=\"auto, (max-width: 709px) 85vw, (max-width: 909px) 67vw, (max-width: 1362px) 62vw, 840px\" \/><\/figure>\n\n\n\n<p><em>C\u00e1c b\u1ea1n \u0111i\u1ec1n m\u00e3 ng\u01b0\u1eddi th\u1edbi thi\u1ec7u 3338 \u0111\u1ec3 t\u00e0i kho\u1ea3n \u0111\u01b0\u1ee3c nh\u00f3m RBS t\u01b0 v\u1ea5n qu\u1ea3n l\u00fd, ch\u1ecdn H\u1ed9i s\u1edf H\u00e0 N\u1ed9i ( b\u1ea1n \u1edf \u0111\u00e2u th\u00ec c\u0169ng ch\u1ecdn m\u1edf t\u00e0i kho\u1ea3n \u1edf H\u00e0 N\u1ed9i v\u00ec RBS l\u00e0m t\u1ea1i VPS H\u00e0 N\u1ed9i)<\/em><br><em>Ch\u00fa \u00fd n\u1ebfu ch\u1ee9ng minh th\u01b0 c\u1ee7a b\u1ea1n d\u1ea1ng m\u1edbi hay th\u1ebb c\u0103n c\u01b0\u1edbc c\u00f4ng d\u00e2n th\u00ec N\u01a1i c\u1ea5p s\u1ebd b\u1eaft \u0111\u1ea7u b\u1eb1ng C\u1ee5c g\u00ec \u0111\u00f3, g\u00f5 C\u1ee5c.. l\u00e0 n\u00f3 s\u1ebd g\u1ee3i \u00fd \u0111\u1ec3 l\u1ef1a ch\u1ecdn \u0111\u00fang<\/em><\/p>\n\n\n\n<p>B\u1ea1n s\u1ebd ph\u1ea3i upload \u1ea3nh ch\u1ee5p 2 m\u1eb7t ch\u1ee9ng minh th\u01b0 l\u00ean cho VPS trong khi \u0111\u0103ng k\u00fd, sau khi m\u1edf xong VPS s\u1ebd g\u1eedi b\u1ea1n ngay th\u00f4ng tin \u0111\u0103ng nh\u1eadp qua email ho\u1eb7c SMS, b\u1ea1n login v\u00e0o \u0111\u1ec3 x\u00e1c nh\u1eadn v\u00e0 \u0111\u1ed5i m\u1eadt kh\u1ea9u l\u1ea7n \u0111\u1ea7u<br>N\u1ebfu d\u00f9ng smartphone th\u00ec c\u00e1c b\u1ea1n <strong>c\u00e0i \u1ee9ng d\u1ee5ng SmartOne<\/strong><br>N\u1ebfu d\u00f9ng n\u1ec1n web th\u00ec <a class=\"md-opjjpmhoiojifppkkcdabiobhakljdgm_doc\" href=\"https:\/\/smartone.vps.com.vn\/Account\/Login\">https:\/\/smartone.vps.com.vn\/Account\/Login<\/a><\/p>\n\n\n\n<figure class=\"wp-block-image size-large\"><img loading=\"lazy\" decoding=\"async\" width=\"681\" height=\"216\" src=\"https:\/\/robostock.vn\/web\/wp-content\/uploads\/2020\/12\/Screenshot-2020-12-16-123904.png\" alt=\"\" class=\"wp-image-1316\" srcset=\"https:\/\/robostock.vn\/web\/wp-content\/uploads\/2020\/12\/Screenshot-2020-12-16-123904.png 681w, https:\/\/robostock.vn\/web\/wp-content\/uploads\/2020\/12\/Screenshot-2020-12-16-123904-300x95.png 300w\" sizes=\"auto, (max-width: 681px) 85vw, 681px\" \/><\/figure>\n\n\n\n<p>Ban \u0111\u1ea7u b\u1ea1n s\u1ebd c\u00f3 ti\u1ec3u kho\u1ea3n \u0111u\u00f4i 1 : kh\u00f4ng margin, v\u00e0i ng\u00e0y sau khi h\u1ed3 s\u01a1 ho\u00e0n t\u1ea5t b\u1ea1n s\u1ebd \u0111\u01b0\u1ee3c add th\u00eam c\u00e1c ti\u1ec3u kho\u1ea3n sau<br>tk \u0111u\u00f4i 3: margin \u0111\u1eb7c bi\u1ec7t<br><strong>tk \u0111u\u00f4i 6: margin th\u01b0\u1eddng (hay d\u00f9ng nh\u1ea5t)<\/strong><br>tk \u0111u\u00f4i 8: ph\u00e1i sinh<\/p>\n\n\n\n<p class=\"has-bright-red-color has-text-color\"><strong>H\u01af\u1edaNG D\u1eaaN CHUY\u1ec2N ID T\u01af V\u1ea4N CH\u0102M S\u00d3C<\/strong><\/p>\n\n\n\n<p class=\"has-dark-gray-color has-text-color\"><strong>N\u1ebfu b\u1ea1n \u0111\u00e3 c\u00f3 t\u00e0i kho\u1ea3n m\u1edf \u1edf VPS, b\u1ea1n mu\u1ed1n v\u1ec1 l\u00e0m kh\u00e1ch v\u1edbi RBS th\u00ec b\u1ea1n c\u00f3 th\u1ec3 xin chuy\u1ec3n ng\u01b0\u1eddi ch\u0103m s\u00f3c theo h\u01b0\u1edbng d\u1eabn:<\/strong><\/p>\n\n\n\n<p> \u00b7 G\u1ecdi \u0111i\u1ec7n t\u1ed5ng \u0111\u00e0i<strong> 19006457 <\/strong>s\u1ed1 m\u00e1y l\u1ebb 1 xin chuy\u1ec3n t\u00e0i kho\u1ea3n v\u1ec1 broker Nguy\u1ec5n Ng\u1ecdc Linh &#8211; <strong>ID: 3338 <\/strong><\/p>\n\n\n\n<p class=\"has-bright-red-color has-text-color\"><strong>H\u01af\u1edaNG D\u1eaaN N\u1ed8P TI\u1ec0N V\u00c0O T\u00c0I KHO\u1ea2N VPS<\/strong><\/p>\n\n\n\n<p><a href=\"https:\/\/smartone.vps.com.vn\/Templates\/Huong_dan_nop_tien_tai_khoan_chung_khoan.pdf\">https:\/\/smartone.vps.com.vn\/Templates\/Huong_dan_nop_tien_tai_khoan_chung_khoan.pdf<\/a><\/p>\n\n\n\n<p class=\"has-dark-gray-color has-yellow-background-color has-text-color has-background\"><strong>Kinh nghi\u1ec7m m\u00ecnh l\u00e0 n\u00ean n\u1ed9p v\u00e0o ng\u00e2n h\u00e0ng VPBank v\u00ec \u0111\u00e2y l\u00e0 cty ch\u1ee9ng kho\u00e1n c\u1ee7a VPBank d\u00f9 b\u1ea1n n\u1ed9p t\u1eeb ng\u00e2n h\u00e0ng kh\u00e1c<\/strong>, <strong>ti\u1ec1n s\u1ebd v\u00e0o t\u00e0i kho\u1ea3n nhanh nh\u1ea5t<\/strong>, <strong>v\u00e0 \u01b0u ti\u00ean n\u1ed9p v\u00e0o h\u1ed9i s\u1edf H\u00e0 N\u1ed9i<\/strong><br><\/p>\n\n\n\n<p>C\u1ee5 th\u1ec3 chuy\u1ec3n v\u00e0o VPbank nh\u01b0 sau ( n\u1ebfu t\u1eeb NH kh\u00e1c th\u00ec <strong>chuy\u1ec3n nhanh 24\/7<\/strong>)<br>Ch\u1ecdn ng\u00e2n h\u00e0ng:  Ng\u00e2n h\u00e0ng TMCP Vi\u1ec7t Nam Th\u1ecbnh V\u01b0\u1ee3ng &#8211; Chi nh\u00e1nh \u0110\u00f4ng \u0110\u00f4 <br><strong>S\u1ed1 t\u00e0i kho\u1ea3n: 2644991 <\/strong><br>T\u00ean ng\u01b0\u1eddi th\u1ee5 h\u01b0\u1edfng:  C\u00f4ng ty C\u1ed5 ph\u1ea7n Ch\u1ee9ng kho\u00e1n VPS  <br><br>N\u1ed9i dung: Chuy\u1ec3n ti\u1ec1n v\u00e0o TKCK &#8230;&#8230; \u0111u\u00f4i 1,3 ho\u1eb7c 6 c\u1ee7a T\u00ean ch\u1ee7 TK<br>V\u00ed d\u1ee5: <br><strong>chuyen tien vao TKCK 210969 duoi 6 cua Nguyen Ngoc Linh<\/strong><\/p>\n\n\n\n<p><\/p>\n\n\n\n<p class=\"has-bright-red-color has-text-color\"><strong>M\u1ed8T V\u00c0I T\u00c0I KHO\u1ea2N NG\u00c2N H\u00c0NG NH\u1eacN TI\u1ec0N TH\u01af\u1edcNG D\u00d9NG NH\u1ea4T<\/strong><\/p>\n\n\n\n<p><strong>\u0110\u01a1n v\u1ecb th\u1ee5 h\u01b0\u1edfng: C\u00f4ng ty C\u1ed5 ph\u1ea7n Ch\u1ee9ng kho\u00e1n VPS<\/strong><\/p>\n\n\n\n<p><strong><strong>2644991<\/strong>\u00a0: <\/strong>Ng\u00e2n h\u00e0ng TMCP Vi\u1ec7t Nam Th\u1ecbnh V\u01b0\u1ee3ng \u2013 Chi nh\u00e1nh \u0110\u00f4ng \u0110\u00f4<strong><br><strong>12210000229469<\/strong>\u00a0: <\/strong>Ng\u00e2n h\u00e0ng TMCP \u0110\u1ea7u t\u01b0 v\u00e0 Ph\u00e1t tri\u1ec3n Vi\u1ec7t Nam \u2013 Chi nh\u00e1nh H\u00e0 Th\u00e0nh<strong><br><strong>0301000358958<\/strong>\u00a0: <\/strong>Ng\u00e2n h\u00e0ng TMCP Ngo\u1ea1i Th\u01b0\u01a1ng Vi\u1ec7t Nam \u2013 Chi nh\u00e1nh Ho\u00e0n Ki\u1ebfm<strong><br><strong>111000129726<\/strong>\u00a0: <\/strong>Ng\u00e2n h\u00e0ng TMCP C\u00f4ng th\u01b0\u01a1ng Vi\u1ec7t Nam \u2013 Chi nh\u00e1nh Hai B\u00e0<br>Tr\u01b0ng<strong><br><strong>19023261401992<\/strong>\u00a0: <\/strong>NH TMCP K\u1ef9 Th\u01b0\u01a1ng Vi\u1ec7t Nam \u2013 Chi nh\u00e1nh Hai B\u00e0 Tr\u01b0ng<strong><br><strong>0021105534008\u00a0<\/strong>: <\/strong>Ng\u00e2n h\u00e0ng Th\u01b0\u01a1ng m\u1ea1i C\u1ed5 ph\u1ea7n Qu\u00e2n \u0111\u1ed9i \u2013 Chi nh\u00e1nh S\u1edf<br>giao d\u1ecbch 1<strong><br><strong>01101010208736<\/strong>\u00a0: <\/strong>Ng\u00e2n h\u00e0ng th\u01b0\u01a1ng m\u1ea1i c\u1ed5 ph\u1ea7n H\u00e0ng h\u1ea3i Vi\u1ec7t Nam \u2013 Chi<br>nh\u00e1nh H\u1ed9i s\u1edf ch\u00ednh<\/p>\n\n\n\n<p>N\u1ed9i dung chuy\u1ec3n kho\u1ea3n nh\u01b0 h\u01b0\u1edbng d\u1eabn tr\u00ean<\/p>\n","protected":false},"excerpt":{"rendered":"<p>\u0110i\u1ec1n th\u00f4ng tin v\u00e0o link d\u01b0\u1edbi \u0111\u00e2y, m\u00e3 m\u00f4i gi\u1edbi c\u1ee7a RBS l\u00e0 3338 https:\/\/openaccount.vps.com.vn?MKTID=3338 C\u00e1c b\u1ea1n \u0111i\u1ec1n m\u00e3 ng\u01b0\u1eddi th\u1edbi thi\u1ec7u 3338 \u0111\u1ec3 t\u00e0i kho\u1ea3n \u0111\u01b0\u1ee3c nh\u00f3m RBS t\u01b0 v\u1ea5n qu\u1ea3n l\u00fd, ch\u1ecdn H\u1ed9i s\u1edf H\u00e0 N\u1ed9i ( b\u1ea1n \u1edf \u0111\u00e2u th\u00ec c\u0169ng ch\u1ecdn m\u1edf t\u00e0i kho\u1ea3n \u1edf H\u00e0 N\u1ed9i v\u00ec RBS l\u00e0m t\u1ea1i &hellip; <a href=\"https:\/\/robostock.vn\/web\/huong-dan-mo-tai-khoan-online-o-vps\/\" class=\"more-link\">Continue reading<span class=\"screen-reader-text\"> &#8220;H\u01b0\u1edbng d\u1eabn m\u1edf t\u00e0i kho\u1ea3n Online \u1edf VPS&#8221;<\/span><\/a><\/p>\n","protected":false},"author":1,"featured_media":0,"parent":0,"menu_order":0,"comment_status":"closed","ping_status":"closed","template":"","meta":{"footnotes":""},"class_list":["post-1064","page","type-page","status-publish","hentry"],"_links":{"self":[{"href":"https:\/\/robostock.vn\/web\/wp-json\/wp\/v2\/pages\/1064","targetHints":{"allow":["GET"]}}],"collection":[{"href":"https:\/\/robostock.vn\/web\/wp-json\/wp\/v2\/pages"}],"about":[{"href":"https:\/\/robostock.vn\/web\/wp-json\/wp\/v2\/types\/page"}],"author":[{"embeddable":true,"href":"https:\/\/robostock.vn\/web\/wp-json\/wp\/v2\/users\/1"}],"replies":[{"embeddable":true,"href":"https:\/\/robostock.vn\/web\/wp-json\/wp\/v2\/comments?post=1064"}],"version-history":[{"count":13,"href":"https:\/\/robostock.vn\/web\/wp-json\/wp\/v2\/pages\/1064\/revisions"}],"predecessor-version":[{"id":1375,"href":"https:\/\/robostock.vn\/web\/wp-json\/wp\/v2\/pages\/1064\/revisions\/1375"}],"wp:attachment":[{"href":"https:\/\/robostock.vn\/web\/wp-json\/wp\/v2\/media?parent=1064"}],"curies":[{"name":"wp","href":"https:\/\/api.w.org\/{rel}","templated":true}]}}