{"id":1070,"date":"2020-07-28T12:11:34","date_gmt":"2020-07-28T05:11:34","guid":{"rendered":"http:\/\/robostock.vn\/web\/?page_id=1070"},"modified":"2023-01-04T11:47:52","modified_gmt":"2023-01-04T04:47:52","slug":"huong-dan-chuyen-nhan-vien-cham-soc-tai-khoan-tai-vndirect","status":"publish","type":"page","link":"https:\/\/robostock.vn\/web\/huong-dan-chuyen-nhan-vien-cham-soc-tai-khoan-tai-vndirect\/","title":{"rendered":"H\u01b0\u1edbng d\u1eabn chuy\u1ec3n nh\u00e2n vi\u00ean ch\u0103m s\u00f3c t\u00e0i kho\u1ea3n t\u1ea1i VNDirect"},"content":{"rendered":"\n<p>B\u1ea1n \u0111\u0103ng nh\u1eadp t\u00e0i kho\u1ea3n b\u1ea1n theo link d\u01b0\u1edbi \u0111\u00e2y<\/p>\n\n\n\n<p><a href=\"https:\/\/myaccount.vndirect.com.vn\/\">https:\/\/myaccount.vndirect.com.vn\/<\/a><\/p>\n\n\n\n<p><strong>Ph\u1ea7n 1: H\u1ee7y M\u00f4i gi\u1edbi c\u0169&nbsp;(\u0111\u1ed1i v\u1edbi KH \u0111ang c\u00f3 m\u00f4i gi\u1edbi)<\/strong><\/p>\n\n\n\n<p><strong>Ch\u1ea5m d\u1ee9t<\/strong> h\u1ebft tr\u00ean c\u00e1c ti\u1ec3u kho\u1ea3n v\u1edbi ng\u01b0\u1eddi t\u01b0 v\u1ea5n c\u0169.<br><\/p>\n\n\n\n<figure class=\"wp-block-image size-large\"><img loading=\"lazy\" decoding=\"async\" width=\"1024\" height=\"461\" src=\"https:\/\/robostock.vn\/web\/wp-content\/uploads\/2023\/01\/image-1024x461.png\" alt=\"\" class=\"wp-image-1434\" srcset=\"https:\/\/robostock.vn\/web\/wp-content\/uploads\/2023\/01\/image-1024x461.png 1024w, https:\/\/robostock.vn\/web\/wp-content\/uploads\/2023\/01\/image-300x135.png 300w, https:\/\/robostock.vn\/web\/wp-content\/uploads\/2023\/01\/image-768x346.png 768w, https:\/\/robostock.vn\/web\/wp-content\/uploads\/2023\/01\/image-1200x541.png 1200w, https:\/\/robostock.vn\/web\/wp-content\/uploads\/2023\/01\/image.png 1445w\" sizes=\"auto, (max-width: 709px) 85vw, (max-width: 909px) 67vw, (max-width: 1362px) 62vw, 840px\" \/><\/figure>\n\n\n\n<p><\/p>\n\n\n\n<p><strong>Ph\u1ea7n 2: \u0110\u0103ng k\u00fd M\u00f4i gi\u1edbi m\u1edbi: <\/strong>m\u00e3 0101786750<\/p>\n\n\n\n<p>Sau khi Ch\u1ea5m d\u1ee9t BR c\u0169, qu\u00fd kh\u00e1ch \u0111\u0103ng k\u00fd m\u00f4i gi\u1edbi m\u1edbi nh\u01b0 h\u00ecnh d\u01b0\u1edbi \u0111\u00e2y<\/p>\n\n\n\n<figure class=\"wp-block-image size-large\"><img loading=\"lazy\" decoding=\"async\" width=\"1024\" height=\"682\" src=\"https:\/\/robostock.vn\/web\/wp-content\/uploads\/2023\/01\/vnd-1024x682.jpg\" alt=\"\" class=\"wp-image-1435\" srcset=\"https:\/\/robostock.vn\/web\/wp-content\/uploads\/2023\/01\/vnd-1024x682.jpg 1024w, https:\/\/robostock.vn\/web\/wp-content\/uploads\/2023\/01\/vnd-300x200.jpg 300w, https:\/\/robostock.vn\/web\/wp-content\/uploads\/2023\/01\/vnd-768x512.jpg 768w, https:\/\/robostock.vn\/web\/wp-content\/uploads\/2023\/01\/vnd-1200x799.jpg 1200w, https:\/\/robostock.vn\/web\/wp-content\/uploads\/2023\/01\/vnd.jpg 1324w\" sizes=\"auto, (max-width: 709px) 85vw, (max-width: 909px) 67vw, (max-width: 1362px) 62vw, 840px\" \/><\/figure>\n\n\n\n<p>B\u1ea1n tick x\u00e1c nh\u1eadn , check email c\u1ee7a b\u1ea1n, s\u1ebd c\u00f3 th\u01b0 x\u00e1c nh\u1eadn , b\u1ea1n nh\u1eadp OTP \u0111\u1ec3 ho\u00e0n t\u1ea5t \u0111\u0103ng k\u00fd ng\u01b0\u1eddi t\u01b0 v\u1ea5n.<\/p>\n\n\n\n<p>Ph\u00ed giao d\u1ecbch c\u1ee7a b\u1ea1n s\u1ebd \u0111\u01b0\u1ee3c set 0.15% , c\u00e1i n\u00e0y m\u00ecnh s\u1ebd l\u00e0m email g\u1eedi l\u00ean gi\u00e1m \u0111\u1ed1c ph\u00ea duy\u1ec7t<\/p>\n\n\n\n<p class=\"has-yellow-background-color has-background\"><a href=\"https:\/\/support.vndirect.com.vn\/hc\/vi\/articles\/360001455813-H%C6%B0%E1%BB%9Bng-d%E1%BA%ABn-N%E1%BB%99p-ti%E1%BB%81n-v%C3%A0o-t%C3%A0i-kho%E1%BA%A3n-giao-d%E1%BB%8Bch-t%E1%BA%A1i-VNDIRECT\"><strong>H\u01af\u1edaNG D\u1eaaN N\u1ed8P TI\u1ec0N V\u00c0O VNDIRECT<\/strong><\/a><\/p>\n","protected":false},"excerpt":{"rendered":"<p>B\u1ea1n \u0111\u0103ng nh\u1eadp t\u00e0i kho\u1ea3n b\u1ea1n theo link d\u01b0\u1edbi \u0111\u00e2y https:\/\/myaccount.vndirect.com.vn\/ Ph\u1ea7n 1: H\u1ee7y M\u00f4i gi\u1edbi c\u0169&nbsp;(\u0111\u1ed1i v\u1edbi KH \u0111ang c\u00f3 m\u00f4i gi\u1edbi) Ch\u1ea5m d\u1ee9t h\u1ebft tr\u00ean c\u00e1c ti\u1ec3u kho\u1ea3n v\u1edbi ng\u01b0\u1eddi t\u01b0 v\u1ea5n c\u0169. Ph\u1ea7n 2: \u0110\u0103ng k\u00fd M\u00f4i gi\u1edbi m\u1edbi: m\u00e3 0101786750 Sau khi Ch\u1ea5m d\u1ee9t BR c\u0169, qu\u00fd kh\u00e1ch \u0111\u0103ng k\u00fd m\u00f4i &hellip; <a href=\"https:\/\/robostock.vn\/web\/huong-dan-chuyen-nhan-vien-cham-soc-tai-khoan-tai-vndirect\/\" class=\"more-link\">Continue reading<span class=\"screen-reader-text\"> &#8220;H\u01b0\u1edbng d\u1eabn chuy\u1ec3n nh\u00e2n vi\u00ean ch\u0103m s\u00f3c t\u00e0i kho\u1ea3n t\u1ea1i VNDirect&#8221;<\/span><\/a><\/p>\n","protected":false},"author":1,"featured_media":0,"parent":0,"menu_order":0,"comment_status":"closed","ping_status":"closed","template":"","meta":{"footnotes":""},"class_list":["post-1070","page","type-page","status-publish","hentry"],"_links":{"self":[{"href":"https:\/\/robostock.vn\/web\/wp-json\/wp\/v2\/pages\/1070","targetHints":{"allow":["GET"]}}],"collection":[{"href":"https:\/\/robostock.vn\/web\/wp-json\/wp\/v2\/pages"}],"about":[{"href":"https:\/\/robostock.vn\/web\/wp-json\/wp\/v2\/types\/page"}],"author":[{"embeddable":true,"href":"https:\/\/robostock.vn\/web\/wp-json\/wp\/v2\/users\/1"}],"replies":[{"embeddable":true,"href":"https:\/\/robostock.vn\/web\/wp-json\/wp\/v2\/comments?post=1070"}],"version-history":[{"count":15,"href":"https:\/\/robostock.vn\/web\/wp-json\/wp\/v2\/pages\/1070\/revisions"}],"predecessor-version":[{"id":1436,"href":"https:\/\/robostock.vn\/web\/wp-json\/wp\/v2\/pages\/1070\/revisions\/1436"}],"wp:attachment":[{"href":"https:\/\/robostock.vn\/web\/wp-json\/wp\/v2\/media?parent=1070"}],"curies":[{"name":"wp","href":"https:\/\/api.w.org\/{rel}","templated":true}]}}