{"id":1245,"date":"2020-12-04T13:04:14","date_gmt":"2020-12-04T06:04:14","guid":{"rendered":"http:\/\/robostock.vn\/web\/?page_id=1245"},"modified":"2021-03-19T23:18:02","modified_gmt":"2021-03-19T16:18:02","slug":"huong-dan-giao-dich-tai-khoan-chung-khoan-kb","status":"publish","type":"page","link":"https:\/\/robostock.vn\/web\/huong-dan-giao-dich-tai-khoan-chung-khoan-kb\/","title":{"rendered":"H\u01b0\u1edbng d\u1eabn giao d\u1ecbch t\u00e0i kho\u1ea3n ch\u1ee9ng kho\u00e1n KB"},"content":{"rendered":"\n<p><strong>Giao d\u1ecbch online qua web ho\u1eb7c app<\/strong><\/p>\n\n\n\n<p>Sau khi b\u1ea1n nh\u1eadn \u0111\u01b0\u1ee3c cu\u1ed9c \u0111i\u1ec7n tho\u1ea1i x\u00e1c nh\u1eadn m\u1edf t\u00e0i kho\u1ea3n t\u1eeb nh\u00e2n vi\u00ean nghi\u1ec7p v\u1ee5 c\u1ee7a KB , b\u1ea1n s\u1ebd \u0111\u01b0\u1ee3c g\u1eedi tin nh\u1eafn SMS ho\u1eb7c email th\u00f4ng tin \u0111\u0103ng nh\u1eadp c\u1ee7a t\u00e0i kho\u1ea3n bao g\u1ed3m s\u1ed1 t\u00e0i kho\u1ea3n 091C&#8230; v\u00e0 m\u1eadt kh\u1ea9u \u0111\u0103ng nh\u1eadp v\u00e0 m\u00e3 PIN<\/p>\n\n\n\n<p>B\u1ea1n s\u1ebd login v\u00e0o website giao d\u1ecbch ho\u1eb7c ph\u1ea7n m\u1ec1m giao d\u1ecbch v\u00e0 \u0111\u1ed5i m\u1eadt kh\u1ea9u, b\u1ea1n n\u00ean \u0111\u1ec3 2 lo\u1ea1i m\u1eadt kh\u1ea9u kia gi\u1ed1ng nhau cho d\u1ec5 nh\u1edb v\u00e0 c\u00f3 quy \u0111\u1ecbnh l\u00e0  M\u1eadt kh\u1ea9u ph\u1ea3i c\u00f3 t\u1eeb 7 k\u00fd t\u1ef1 tr\u1edf l\u00ean g\u1ed3m s\u1ed1, ch\u1eef hoa, ch\u1eef th\u01b0\u1eddng v\u00e0 k\u00fd t\u1ef1 \u0111\u1eb7c bi\u1ec7t, v\u00ed d\u1ee5: Linh@123<\/p>\n\n\n\n<p><strong>C\u00e1c \u0111\u1ecba ch\u1ec9 giao d\u1ecbch tr\u00ean n\u1ec1n web n\u1ebfu b\u1ea1n d\u00f9ng pc hay laptop l\u00e0 <\/strong><br><br><a class=\"md-opjjpmhoiojifppkkcdabiobhakljdgm_doc\" href=\"https:\/\/kbtrade.kbsec.com.vn\/\">https:\/\/kbtrade.kbsec.com.vn\/<\/a>  phi\u00ean b\u1ea3n web n\u00e0y \u0111\u01a1n gi\u1ea3n d\u1ec5 d\u00f9ng<br><br><a class=\"md-opjjpmhoiojifppkkcdabiobhakljdgm_doc\" href=\"https:\/\/kbable.kbsec.com.vn\/\">https:\/\/kbable.kbsec.com.vn\/<\/a>  =&gt; phi\u00ean b\u1ea3n web n\u00e0y m\u1edbi, nhi\u1ec1u t\u00ednh n\u0103ng h\u01a1n, ngo\u00e0i giao d\u1ecbch c\u00f3 th\u1ec3 d\u00f9ng \u0111\u1ec3 nghi\u00ean c\u1ee9u, xem chart, xem tin c\u1ed5 phi\u1ebfu<\/p>\n\n\n\n<p><strong>N\u1ebfu b\u1ea1n d\u00f9ng Smart phone \u0111\u1ec3 \u0111\u1eb7t l\u1ec7nh th\u00ec c\u00e0i M-able (ho\u1eb7c ph\u1ea7n m\u1ec1m c\u0169 v\u1eabn d\u00f9ng \u0111\u01b0\u1ee3c l\u00e0 KB-mobile)<\/strong><\/p>\n\n\n\n<p>B\u1ea1n search tr\u00ean Appstore v\u1edbi Iphone ho\u1eb7c CH play v\u1edbi Android t\u1eeb kh\u00f3a l\u00e0 &#8221; m able&#8221; l\u00e0 ra. \u1ee8ng d\u1ee5ng n\u00e0y c\u00f3 h\u1ed7 tr\u1ee3 c\u00e1c b\u1ea1n \u0111\u0103ng nh\u1eadp b\u1eb1ng v\u00e2n tay ho\u1eb7c face id<\/p>\n\n\n\n<figure class=\"wp-block-image\"><img loading=\"lazy\" decoding=\"async\" width=\"651\" height=\"273\" src=\"http:\/\/robostock.vn\/web\/wp-content\/uploads\/2020\/12\/2.png\" alt=\"\" class=\"wp-image-1246\" srcset=\"https:\/\/robostock.vn\/web\/wp-content\/uploads\/2020\/12\/2.png 651w, https:\/\/robostock.vn\/web\/wp-content\/uploads\/2020\/12\/2-300x126.png 300w\" sizes=\"auto, (max-width: 651px) 85vw, 651px\" \/><\/figure>\n\n\n\n<p class=\"has-yellow-background-color has-background\"><strong>H\u01af\u1edaNG D\u1eaaN N\u1ed8P TI\u1ec0N V\u00c0O T\u00c0I KHO\u1ea2N KB<\/strong><\/p>\n\n\n\n<p><em>C\u00e1ch 1: B\u1ea1n n\u1ed9p v\u00e0o ng\u00e2n h\u00e0ng Maritime Bank <\/em><\/p>\n\n\n\n<p>H\u01b0\u1edbng d\u1eabn n\u1ed9p ti\u1ec1n: <br>&#8211; Ng\u01b0\u1eddi nh\u1eadn: CTY CP Ch\u1ee9ng Kho\u00e1n KB Vi\u1ec7t Nam <br>&#8211; S\u1ed1 t\u00e0i kho\u1ea3n nh\u1eadn: <strong>031.01.01.0345.345 <\/strong><br>&#8211; T\u1ea1i ng\u00e2n h\u00e0ng: Maritime Bank, Chi nh\u00e1nh \u0110\u1ed1ng \u0110a, H\u00e0 N\u1ed9i  <br>&#8211; N\u1ed9i dung: KBSV 091Cxxxxxx, t\u00ean ch\u1ee7 t\u00e0i kho\u1ea3n (ghi r\u00f5 h\u1ecd t\u00ean) n\u1ed9p ti\u1ec1n v\u00e0o t\u00e0i kho\u1ea3n <br>(v\u00ed d\u1ee5: KBSV 091C102019 Nguyen Ngoc Linh nop tien vao tai khoan) <\/p>\n\n\n\n<p>B\u1ea1n n\u00ean ch\u1ecdn ch\u1ee9c n\u0103ng chuy\u1ec3n ti\u1ec1n nhanh 24\/7 \u0111\u1ec3 t\u00e0i kho\u1ea3n b\u1ea1n c\u00f3 ti\u1ec1n s\u1edbm n\u1ebfu chuy\u1ec3n kh\u00e1c ng\u00e2n h\u00e0ng<\/p>\n\n\n\n<p> <br><em>C\u00e1ch 2: B\u1ea1n n\u1ed9p v\u00e0o ng\u00e2n h\u00e0ng Vietcombank<\/em><\/p>\n\n\n\n<p>Ng\u01b0\u1eddi nh\u1eadn:&nbsp;CTY CP Ch\u1ee9ng Kho\u00e1n KBVi\u1ec7t Nam<br><strong>&#8211;&nbsp;&nbsp;<\/strong>S\u1ed1 t\u00e0i kho\u1ea3n nh\u1eadn:&nbsp;<strong>030.10.00.328.888<\/strong><br>&#8211; T\u1ea1i ng\u00e2n h\u00e0ng:&nbsp;<strong>V<\/strong>ietcombank chi nh\u00e1nh Nam H\u00e0 N\u1ed9i<br><strong>&#8211;&nbsp;&nbsp;<\/strong>N\u1ed9i dung:&nbsp;<strong>091Cxxxx, t\u00ean ch\u1ee7 t\u00e0i kho\u1ea3n (ghi r\u00f5 h\u1ecd t\u00ean)&nbsp;<\/strong><br>(v\u00ed d\u1ee5: KBSV 091C102019 Nguyen Ngoc Linh nop tien vao tai khoan)  <\/p>\n\n\n\n<p>N\u1ebfu kh\u00e1c h\u1ec7 th\u1ed1ng b\u1ea1n n\u00ean ch\u1ecdn chuy\u1ec3n ti\u1ec1n nhanh 24\/7 \u0111\u1ec3 t\u00e0i kho\u1ea3n ch\u1ee9ng kho\u00e1n c\u00f3 ti\u1ec1n s\u1edbm<\/p>\n","protected":false},"excerpt":{"rendered":"<p>Giao d\u1ecbch online qua web ho\u1eb7c app Sau khi b\u1ea1n nh\u1eadn \u0111\u01b0\u1ee3c cu\u1ed9c \u0111i\u1ec7n tho\u1ea1i x\u00e1c nh\u1eadn m\u1edf t\u00e0i kho\u1ea3n t\u1eeb nh\u00e2n vi\u00ean nghi\u1ec7p v\u1ee5 c\u1ee7a KB , b\u1ea1n s\u1ebd \u0111\u01b0\u1ee3c g\u1eedi tin nh\u1eafn SMS ho\u1eb7c email th\u00f4ng tin \u0111\u0103ng nh\u1eadp c\u1ee7a t\u00e0i kho\u1ea3n bao g\u1ed3m s\u1ed1 t\u00e0i kho\u1ea3n 091C&#8230; v\u00e0 m\u1eadt kh\u1ea9u \u0111\u0103ng nh\u1eadp &hellip; <a href=\"https:\/\/robostock.vn\/web\/huong-dan-giao-dich-tai-khoan-chung-khoan-kb\/\" class=\"more-link\">Continue reading<span class=\"screen-reader-text\"> &#8220;H\u01b0\u1edbng d\u1eabn giao d\u1ecbch t\u00e0i kho\u1ea3n ch\u1ee9ng kho\u00e1n KB&#8221;<\/span><\/a><\/p>\n","protected":false},"author":1,"featured_media":0,"parent":0,"menu_order":0,"comment_status":"closed","ping_status":"closed","template":"","meta":{"footnotes":""},"class_list":["post-1245","page","type-page","status-publish","hentry"],"_links":{"self":[{"href":"https:\/\/robostock.vn\/web\/wp-json\/wp\/v2\/pages\/1245","targetHints":{"allow":["GET"]}}],"collection":[{"href":"https:\/\/robostock.vn\/web\/wp-json\/wp\/v2\/pages"}],"about":[{"href":"https:\/\/robostock.vn\/web\/wp-json\/wp\/v2\/types\/page"}],"author":[{"embeddable":true,"href":"https:\/\/robostock.vn\/web\/wp-json\/wp\/v2\/users\/1"}],"replies":[{"embeddable":true,"href":"https:\/\/robostock.vn\/web\/wp-json\/wp\/v2\/comments?post=1245"}],"version-history":[{"count":4,"href":"https:\/\/robostock.vn\/web\/wp-json\/wp\/v2\/pages\/1245\/revisions"}],"predecessor-version":[{"id":1388,"href":"https:\/\/robostock.vn\/web\/wp-json\/wp\/v2\/pages\/1245\/revisions\/1388"}],"wp:attachment":[{"href":"https:\/\/robostock.vn\/web\/wp-json\/wp\/v2\/media?parent=1245"}],"curies":[{"name":"wp","href":"https:\/\/api.w.org\/{rel}","templated":true}]}}