{"id":1332,"date":"2021-01-08T12:41:31","date_gmt":"2021-01-08T05:41:31","guid":{"rendered":"https:\/\/robostock.vn\/web\/?page_id=1332"},"modified":"2021-11-03T11:02:07","modified_gmt":"2021-11-03T04:02:07","slug":"huong-dan-mo-online-tai-khoan-vps-xac-thuc-ekyc-khong-can-len-ky-hop-dong","status":"publish","type":"page","link":"https:\/\/robostock.vn\/web\/huong-dan-mo-online-tai-khoan-vps-xac-thuc-ekyc-khong-can-len-ky-hop-dong\/","title":{"rendered":"H\u01b0\u1edbng d\u1eabn m\u1edf online t\u00e0i kho\u1ea3n VPS x\u00e1c th\u1ef1c EKYC kh\u00f4ng c\u1ea7n l\u00ean k\u00fd h\u1ee3p \u0111\u1ed3ng"},"content":{"rendered":"\n<figure class=\"wp-block-image size-large\"><img loading=\"lazy\" decoding=\"async\" width=\"681\" height=\"216\" src=\"https:\/\/robostock.vn\/web\/wp-content\/uploads\/2020\/12\/Screenshot-2020-12-16-123904.png\" alt=\"\" class=\"wp-image-1316\" srcset=\"https:\/\/robostock.vn\/web\/wp-content\/uploads\/2020\/12\/Screenshot-2020-12-16-123904.png 681w, https:\/\/robostock.vn\/web\/wp-content\/uploads\/2020\/12\/Screenshot-2020-12-16-123904-300x95.png 300w\" sizes=\"auto, (max-width: 681px) 85vw, 681px\" \/><\/figure>\n\n\n\n<p>(N\u1ebfu \u0111\u00e3 c\u00f3 tk \u1edf VPS th\u00ec G\u1ecdi \u0111i\u1ec7n t\u1ed5ng \u0111\u00e0i&nbsp;19006457&nbsp;s\u1ed1 m\u00e1y l\u1ebb 1 xin chuy\u1ec3n t\u00e0i kho\u1ea3n v\u1ec1 broker Nguy\u1ec5n Ng\u1ecdc Linh \u2013&nbsp;ID: 33<strong>38<\/strong>)<\/p>\n\n\n\n<p>\u0110\u1ea7u ti\u00ean c\u00e1c b\u1ea1n c\u00e0i \u1ee9ng d\u1ee5ng SmartOne tr\u00ean smartphone b\u1eb1ng c\u00e1ch search <a href=\"https:\/\/apps.apple.com\/vn\/app\/vps-smartone\/id1431656423?l=vi\">Appstore<\/a> (Iphone)  ho\u1eb7c <a href=\"https:\/\/play.google.com\/store\/apps\/details?id=vn.com.vpbs.smartone&amp;hl=vi&amp;gl=US\">CHplay<\/a> (Android) .<br>VPS l\u00e0 c\u00f4ng ty ch\u1ee9ng kho\u00e1n c\u1ee7a ng\u00e2n h\u00e0ng VPBANK , \u0111\u00e3 v\u01b0\u1ee3t c\u00f4ng ty ch\u1ee9ng kho\u00e1n SSI leo l\u00ean \u0111\u1ee9ng \u0111\u1ea7u th\u1ecb ph\u1ea7n m\u00f4i gi\u1edbi Vi\u1ec7t Nam t\u1eeb \u0111\u1ea7u n\u0103m 2021 t\u1edbi nay<\/p>\n\n\n\n<p>C\u00e1c b\u1ea1n theo c\u00e1c b\u01b0\u1edbc sau:<\/p>\n\n\n\n<ol class=\"wp-block-list\"><li><strong>M\u1edf \u1ee9ng d\u1ee5ng l\u00ean, b\u1ea5m v\u00e0o m\u1edf t\u00e0i kho\u1ea3n<\/strong><\/li><\/ol>\n\n\n\n<figure class=\"wp-block-image size-large is-resized\"><img loading=\"lazy\" decoding=\"async\" src=\"https:\/\/robostock.vn\/web\/wp-content\/uploads\/2021\/01\/0-1-461x1024.jpg\" alt=\"\" class=\"wp-image-1334\" width=\"395\" height=\"877\" srcset=\"https:\/\/robostock.vn\/web\/wp-content\/uploads\/2021\/01\/0-1-461x1024.jpg 461w, https:\/\/robostock.vn\/web\/wp-content\/uploads\/2021\/01\/0-1-135x300.jpg 135w, https:\/\/robostock.vn\/web\/wp-content\/uploads\/2021\/01\/0-1-768x1708.jpg 768w, https:\/\/robostock.vn\/web\/wp-content\/uploads\/2021\/01\/0-1-691x1536.jpg 691w, https:\/\/robostock.vn\/web\/wp-content\/uploads\/2021\/01\/0-1.jpg 921w\" sizes=\"auto, (max-width: 395px) 85vw, 395px\" \/><\/figure>\n\n\n\n<p><\/p>\n\n\n\n<p><strong>2. \u0110i\u1ec1n th\u00f4ng tin c\u00e1 nh\u00e2n v\u00e0 ID ng\u01b0\u1eddi t\u01b0 v\u1ea5n gi\u1edbi thi\u1ec7u l\u00e0 3338 &#8211; Nguy\u1ec5n Ng\u1ecdc Linh<\/strong><\/p>\n\n\n\n<figure class=\"wp-block-image size-large\"><img loading=\"lazy\" decoding=\"async\" width=\"405\" height=\"900\" src=\"https:\/\/robostock.vn\/web\/wp-content\/uploads\/2021\/01\/1.jpg\" alt=\"\" class=\"wp-image-1335\" srcset=\"https:\/\/robostock.vn\/web\/wp-content\/uploads\/2021\/01\/1.jpg 405w, https:\/\/robostock.vn\/web\/wp-content\/uploads\/2021\/01\/1-135x300.jpg 135w\" sizes=\"auto, (max-width: 405px) 85vw, 405px\" \/><\/figure>\n\n\n\n<p><\/p>\n\n\n\n<p><strong>3. Ti\u1ebfp theo b\u1ea1n \u0111\u1eb7t ch\u1ee9ng minh th\u01b0 ( c\u0103n c\u01b0\u1edbc c\u00f4ng d\u00e2n) ch\u1ed7 s\u00e1ng \u0111\u1ec3 ch\u1ee5p \u1ea3nh hai m\u1eb7t tr\u01b0\u1edbc\/sau<\/strong><\/p>\n\n\n\n<p><img loading=\"lazy\" decoding=\"async\" width=\"200\" height=\"444\" class=\"wp-image-1336\" style=\"width: 200px;\" src=\"https:\/\/robostock.vn\/web\/wp-content\/uploads\/2021\/01\/mt.jpg\" alt=\"\" srcset=\"https:\/\/robostock.vn\/web\/wp-content\/uploads\/2021\/01\/mt.jpg 576w, https:\/\/robostock.vn\/web\/wp-content\/uploads\/2021\/01\/mt-135x300.jpg 135w, https:\/\/robostock.vn\/web\/wp-content\/uploads\/2021\/01\/mt-461x1024.jpg 461w\" sizes=\"auto, (max-width: 200px) 85vw, 200px\" \/>      <img loading=\"lazy\" decoding=\"async\" width=\"200\" height=\"444\" class=\"wp-image-1337\" style=\"width: 200px;\" src=\"https:\/\/robostock.vn\/web\/wp-content\/uploads\/2021\/01\/ms.jpg\" alt=\"\" srcset=\"https:\/\/robostock.vn\/web\/wp-content\/uploads\/2021\/01\/ms.jpg 576w, https:\/\/robostock.vn\/web\/wp-content\/uploads\/2021\/01\/ms-135x300.jpg 135w, https:\/\/robostock.vn\/web\/wp-content\/uploads\/2021\/01\/ms-461x1024.jpg 461w\" sizes=\"auto, (max-width: 200px) 85vw, 200px\" \/><\/p>\n\n\n\n<p><\/p>\n\n\n\n<p><strong>4. B\u01b0\u1edbc ti\u1ebfp theo \u0111\u1eb7t khu\u00f4n m\u1eb7t tr\u01b0\u1edbc camera \u0111i\u1ec7n tho\u1ea1i \u0111\u1ec3 qu\u00e9t khu\u00f4n m\u1eb7t, c\u00e1c b\u1ea1n xoay tr\u00e1i, xoay ph\u1ea3i r\u1ed3i nh\u00ecn th\u1eb3ng \u0111\u1ec3 ho\u00e0n th\u00e0nh<\/strong><\/p>\n\n\n\n<figure class=\"wp-block-image size-large\"><img loading=\"lazy\" decoding=\"async\" width=\"405\" height=\"900\" src=\"https:\/\/robostock.vn\/web\/wp-content\/uploads\/2021\/01\/4.jpg\" alt=\"\" class=\"wp-image-1338\" srcset=\"https:\/\/robostock.vn\/web\/wp-content\/uploads\/2021\/01\/4.jpg 405w, https:\/\/robostock.vn\/web\/wp-content\/uploads\/2021\/01\/4-135x300.jpg 135w\" sizes=\"auto, (max-width: 405px) 85vw, 405px\" \/><\/figure>\n\n\n\n<p><\/p>\n\n\n\n<p><strong>5. B\u1ea1n tick ch\u1ecdn \u0111\u1ed3ng \u00fd h\u1ebft c\u00e1c \u0111i\u1ec1u kho\u1ea3n \u0111\u1ec3 t\u00e0i kho\u1ea3n \u0111\u01b0\u1ee3c m\u1edf \u0111\u1ea7y \u0111\u1ee7 c\u00e1c d\u1ecbch v\u1ee5 v\u00e0 ti\u1ec7n \u00edch t\u1ed1t nh\u1ea5t<\/strong>, <strong>upload \u1ea3nh ch\u1ee5p ch\u1eef k\u00fd (c\u00f3 ghi h\u1ecd t\u00ean) l\u00e0 xong<\/strong><\/p>\n\n\n\n<figure class=\"wp-block-image size-large is-resized\"><img loading=\"lazy\" decoding=\"async\" src=\"https:\/\/robostock.vn\/web\/wp-content\/uploads\/2021\/01\/5-576x1024.jpg\" alt=\"\" class=\"wp-image-1339\" width=\"402\" height=\"715\" srcset=\"https:\/\/robostock.vn\/web\/wp-content\/uploads\/2021\/01\/5-576x1024.jpg 576w, https:\/\/robostock.vn\/web\/wp-content\/uploads\/2021\/01\/5-169x300.jpg 169w, https:\/\/robostock.vn\/web\/wp-content\/uploads\/2021\/01\/5-768x1365.jpg 768w, https:\/\/robostock.vn\/web\/wp-content\/uploads\/2021\/01\/5-864x1536.jpg 864w, https:\/\/robostock.vn\/web\/wp-content\/uploads\/2021\/01\/5-1152x2048.jpg 1152w, https:\/\/robostock.vn\/web\/wp-content\/uploads\/2021\/01\/5-1200x2133.jpg 1200w, https:\/\/robostock.vn\/web\/wp-content\/uploads\/2021\/01\/5.jpg 1242w\" sizes=\"auto, (max-width: 402px) 85vw, 402px\" \/><\/figure>\n\n\n\n<p class=\"has-yellow-background-color has-background\"><strong>VIDEO H\u01af\u1edaNG D\u1eaaN M\u1ede T\u00c0I KHO\u1ea2N TR\u1ef0C TUY\u1ebeN C\u1ee6A VPS<\/strong><\/p>\n\n\n\n<figure class=\"wp-block-embed is-type-video is-provider-youtube wp-block-embed-youtube wp-embed-aspect-16-9 wp-has-aspect-ratio\"><div class=\"wp-block-embed__wrapper\">\n<iframe loading=\"lazy\" title=\"H\u01b0\u1edbng d\u1eabn m\u1edf t\u00e0i kho\u1ea3n ch\u1ee9ng kho\u00e1n tr\u1ef1c tuy\u1ebfn (eKYC) t\u1ea1i VPS\" width=\"840\" height=\"473\" src=\"https:\/\/www.youtube.com\/embed\/VUHejXaZFoM?feature=oembed\" frameborder=\"0\" allow=\"accelerometer; autoplay; clipboard-write; encrypted-media; gyroscope; picture-in-picture\" allowfullscreen><\/iframe>\n<\/div><\/figure>\n\n\n\n<p class=\"has-dark-gray-color has-bright-red-background-color has-text-color has-background\"><strong>H\u01af\u1edaNG D\u1eaaN N\u1ed8P TI\u1ec0N V\u00c0O T\u00c0I KHO\u1ea2N VPS<\/strong><br>N\u1ebfu c\u00e1c b\u1ea1n d\u00f9ng NH VPBank th\u00ec n\u00ean chuy\u1ec3n qua ch\u1ee9c n\u0103ng n\u1ea1p ti\u1ec1n ch\u1ee9ng kho\u00e1n tr\u00ean app ho\u1eb7c web giao d\u1ecbch online c\u1ee7a ng\u00e2n h\u00e0ng ti\u1ec1n s\u1ebd n\u1ed5i ngay. N\u1ebfu d\u00f9ng c\u00e1c ng\u00e2n h\u00e0ng kh\u00e1c th\u00ec n\u1ea1p nh\u01b0 d\u01b0\u1edbi \u0111\u00e2y<\/p>\n\n\n\n<p><strong>C\u00e1ch 1: T\u1eeb c\u00e1c ng\u00e2n h\u00e0ng kh\u00e1c n\u1ed9p v\u00e0o ng\u00e2n h\u00e0ng VPBank ( m\u1ed7i giao d\u1ecbch n\u1ed9p kh\u00f4ng qu\u00e1 499tr)<\/strong><\/p>\n\n\n\n<p>Hi\u1ec7n nay VPS \u0111\u00e3 li\u00ean k\u1ebft v\u1edbi VPBank \u0111\u1ec3 kh\u00e1ch h\u00e0ng n\u1ed9p ti\u1ec1n h\u1ea1ch to\u00e1n t\u1ef1 \u0111\u1ed9ng, ti\u1ec1n n\u1ed5i ngay l\u1eadp t\u1ee9c tr\u00ean t\u00e0i kho\u1ea3n ch\u1ee9ng kho\u00e1n v\u1edbi \u0111\u1ea7u s\u1ed1 \u0111\u1ecbnh danh 0026. N\u1ebfu b\u1ea1n mu\u1ed1n n\u1ed9p ti\u1ec1n v\u00e0o t\u00e0i kho\u1ea3n 123456 ti\u1ec3u kho\u1ea3n 6 margin th\u00ec t\u00e0i kho\u1ea3n nh\u1eadn ti\u1ec1n s\u1ebd l\u00e0 0026+ s\u1ed1 t\u00e0i kho\u1ea3n + s\u1ed1 ti\u1ec3u kho\u1ea3n, v\u00ed d\u1ee5 0026.123456.6<\/p>\n\n\n\n<p>C\u1ee5 th\u1ec3 v\u00ed d\u1ee5 n\u1ebfu s\u1ed1 t\u00e0i kho\u1ea3n ch\u1ee9ng kho\u00e1n b\u1ea1n l\u00e0 123456 v\u00e0 b\u1ea1n d\u00f9ng ti\u1ec3u kho\u1ea3n 6 th\u00ec b\u1ea1n chuy\u1ec3n nh\u01b0 sau:<br>Ch\u1ecdn chuy\u1ec3n kho\u1ea3n nhanh, ng\u00e2n h\u00e0ng nh\u1eadn ti\u1ec1n l\u00e0 VPBank<br>S\u1ed1 t\u00e0i kho\u1ea3n nh\u1eadn ti\u1ec1n: 00261234566<br>Ch\u1ee7 tk: b\u1ea1n truy v\u1ea5n stk s\u1ebd t\u1ef1 ra t\u00ean b\u1ea1n l\u00e0 t\u00ean ch\u1ee7 t\u00e0i kho\u1ea3n ch\u1ee9ng kho\u00e1n<br>N\u1ed9i dung: b\u1ea1n \u0111i\u1ec1n t\u00ean b\u1ea1n<\/p>\n\n\n\n<p><strong>C\u00e1ch 2: T\u1eeb c\u00e1c ng\u00e2n h\u00e0ng kh\u00e1c n\u1ed9p v\u00e0o ng\u00e2n h\u00e0ng BIDV (kh\u00f4ng nhanh b\u1eb1ng n\u1ed9p v\u00e0o VPbank) ( m\u1ed7i giao d\u1ecbch n\u1ed9p kh\u00f4ng qu\u00e1 499tr)<\/strong><\/p>\n\n\n\n<p>Hi\u1ec7n nay VPS \u0111\u00e3 li\u00ean k\u1ebft v\u1edbi BIDV \u0111\u1ec3 kh\u00e1ch h\u00e0ng n\u1ed9p ti\u1ec1n h\u1ea1ch to\u00e1n t\u1ef1 \u0111\u1ed9ng, ti\u1ec1n n\u1ed5i ngay l\u1eadp t\u1ee9c tr\u00ean t\u00e0i kho\u1ea3n ch\u1ee9ng kho\u00e1n v\u1edbi \u0111\u1ea7u s\u1ed1 \u0111\u1ecbnh danh 9611. N\u1ebfu b\u1ea1n mu\u1ed1n n\u1ed9p ti\u1ec1n v\u00e0o t\u00e0i kho\u1ea3n 123456 ti\u1ec3u kho\u1ea3n 6 margin th\u00ec t\u00e0i kho\u1ea3n nh\u1eadn ti\u1ec1n s\u1ebd l\u00e0 9611+ s\u1ed1 t\u00e0i kho\u1ea3n + s\u1ed1 ti\u1ec3u kho\u1ea3n, v\u00ed d\u1ee5 9611.123456.6<\/p>\n\n\n\n<p>C\u1ee5 th\u1ec3 v\u00ed d\u1ee5 n\u1ebfu s\u1ed1 t\u00e0i kho\u1ea3n ch\u1ee9ng kho\u00e1n b\u1ea1n l\u00e0 123456 v\u00e0 b\u1ea1n d\u00f9ng ti\u1ec3u kho\u1ea3n 6 th\u00ec b\u1ea1n chuy\u1ec3n nh\u01b0 sau:<br>Ch\u1ecdn chuy\u1ec3n kho\u1ea3n nhanh, ng\u00e2n h\u00e0ng nh\u1eadn ti\u1ec1n l\u00e0 BIDV<br>S\u1ed1 t\u00e0i kho\u1ea3n nh\u1eadn ti\u1ec1n: 96111234566<br>Ch\u1ee7 tk: b\u1ea1n truy v\u1ea5n stk s\u1ebd t\u1ef1 ra t\u00ean b\u1ea1n l\u00e0 t\u00ean ch\u1ee7 t\u00e0i kho\u1ea3n ch\u1ee9ng kho\u00e1n<br>N\u1ed9i dung: b\u1ea1n \u0111i\u1ec1n t\u00ean b\u1ea1n<\/p>\n\n\n\n<p class=\"has-yellow-background-color has-background\">N\u1ebfu b\u1ea1n c\u00f3 t\u00e0i kho\u1ea3n ng\u00e2n h\u00e0ng VPBank, c\u00f3 th\u1ec3 chuy\u1ec3n ti\u1ec1n tr\u1ef1c ti\u1ebfp v\u00e0o t\u00e0i kho\u1ea3n qua \u1ee9ng d\u1ee5ng mobile banking ho\u1eb7c website banking online nh\u01b0 \u1ea3nh d\u01b0\u1edbi \u0111\u00e2y<\/p>\n\n\n\n<p><img loading=\"lazy\" decoding=\"async\" width=\"300\" height=\"667\" class=\"wp-image-1380\" style=\"width: 300px;\" src=\"https:\/\/robostock.vn\/web\/wp-content\/uploads\/2021\/03\/vpbank1.jpg\" alt=\"\" srcset=\"https:\/\/robostock.vn\/web\/wp-content\/uploads\/2021\/03\/vpbank1.jpg 576w, https:\/\/robostock.vn\/web\/wp-content\/uploads\/2021\/03\/vpbank1-135x300.jpg 135w, https:\/\/robostock.vn\/web\/wp-content\/uploads\/2021\/03\/vpbank1-461x1024.jpg 461w\" sizes=\"auto, (max-width: 300px) 85vw, 300px\" \/><img loading=\"lazy\" decoding=\"async\" width=\"300\" height=\"667\" class=\"wp-image-1379\" style=\"width: 300px;\" src=\"https:\/\/robostock.vn\/web\/wp-content\/uploads\/2021\/03\/vpbank2.jpg\" alt=\"\" srcset=\"https:\/\/robostock.vn\/web\/wp-content\/uploads\/2021\/03\/vpbank2.jpg 576w, https:\/\/robostock.vn\/web\/wp-content\/uploads\/2021\/03\/vpbank2-135x300.jpg 135w, https:\/\/robostock.vn\/web\/wp-content\/uploads\/2021\/03\/vpbank2-461x1024.jpg 461w\" sizes=\"auto, (max-width: 300px) 85vw, 300px\" \/><img loading=\"lazy\" decoding=\"async\" width=\"300\" height=\"667\" class=\"wp-image-1377\" style=\"width: 300px;\" src=\"https:\/\/robostock.vn\/web\/wp-content\/uploads\/2021\/03\/vpbank3.jpg\" alt=\"\" srcset=\"https:\/\/robostock.vn\/web\/wp-content\/uploads\/2021\/03\/vpbank3.jpg 576w, https:\/\/robostock.vn\/web\/wp-content\/uploads\/2021\/03\/vpbank3-135x300.jpg 135w, https:\/\/robostock.vn\/web\/wp-content\/uploads\/2021\/03\/vpbank3-461x1024.jpg 461w\" sizes=\"auto, (max-width: 300px) 85vw, 300px\" \/><img loading=\"lazy\" decoding=\"async\" width=\"300\" height=\"667\" class=\"wp-image-1378\" style=\"width: 300px;\" src=\"https:\/\/robostock.vn\/web\/wp-content\/uploads\/2021\/03\/vpbank4.jpg\" alt=\"\" srcset=\"https:\/\/robostock.vn\/web\/wp-content\/uploads\/2021\/03\/vpbank4.jpg 576w, https:\/\/robostock.vn\/web\/wp-content\/uploads\/2021\/03\/vpbank4-135x300.jpg 135w, https:\/\/robostock.vn\/web\/wp-content\/uploads\/2021\/03\/vpbank4-461x1024.jpg 461w\" sizes=\"auto, (max-width: 300px) 85vw, 300px\" \/><\/p>\n\n\n\n<p>B\u1ea1n c\u00f3 th\u1ec3 l\u01b0u h\u00f3a \u0111\u01a1n \u0111\u1ec3 l\u1ea7n sau chuy\u1ec3n d\u1ec5 h\u01a1n. B\u1ea1n ch\u1ecdn ti\u1ec3u kho\u1ea3n \u0111u\u00f4i 6 \u0111\u1ec3 n\u1ea1p ti\u1ec1n (ho\u1eb7c ti\u1ec3u kho\u1ea3n n\u00e0o b\u1ea1n mu\u1ed1n ti\u1ec1n v\u00e0o)<br><\/p>\n","protected":false},"excerpt":{"rendered":"<p>(N\u1ebfu \u0111\u00e3 c\u00f3 tk \u1edf VPS th\u00ec G\u1ecdi \u0111i\u1ec7n t\u1ed5ng \u0111\u00e0i&nbsp;19006457&nbsp;s\u1ed1 m\u00e1y l\u1ebb 1 xin chuy\u1ec3n t\u00e0i kho\u1ea3n v\u1ec1 broker Nguy\u1ec5n Ng\u1ecdc Linh \u2013&nbsp;ID: 3338) \u0110\u1ea7u ti\u00ean c\u00e1c b\u1ea1n c\u00e0i \u1ee9ng d\u1ee5ng SmartOne tr\u00ean smartphone b\u1eb1ng c\u00e1ch search Appstore (Iphone) ho\u1eb7c CHplay (Android) .VPS l\u00e0 c\u00f4ng ty ch\u1ee9ng kho\u00e1n c\u1ee7a ng\u00e2n h\u00e0ng VPBANK , \u0111\u00e3 &hellip; <a href=\"https:\/\/robostock.vn\/web\/huong-dan-mo-online-tai-khoan-vps-xac-thuc-ekyc-khong-can-len-ky-hop-dong\/\" class=\"more-link\">Continue reading<span class=\"screen-reader-text\"> &#8220;H\u01b0\u1edbng d\u1eabn m\u1edf online t\u00e0i kho\u1ea3n VPS x\u00e1c th\u1ef1c EKYC kh\u00f4ng c\u1ea7n l\u00ean k\u00fd h\u1ee3p \u0111\u1ed3ng&#8221;<\/span><\/a><\/p>\n","protected":false},"author":1,"featured_media":0,"parent":0,"menu_order":0,"comment_status":"closed","ping_status":"closed","template":"","meta":{"footnotes":""},"class_list":["post-1332","page","type-page","status-publish","hentry"],"_links":{"self":[{"href":"https:\/\/robostock.vn\/web\/wp-json\/wp\/v2\/pages\/1332","targetHints":{"allow":["GET"]}}],"collection":[{"href":"https:\/\/robostock.vn\/web\/wp-json\/wp\/v2\/pages"}],"about":[{"href":"https:\/\/robostock.vn\/web\/wp-json\/wp\/v2\/types\/page"}],"author":[{"embeddable":true,"href":"https:\/\/robostock.vn\/web\/wp-json\/wp\/v2\/users\/1"}],"replies":[{"embeddable":true,"href":"https:\/\/robostock.vn\/web\/wp-json\/wp\/v2\/comments?post=1332"}],"version-history":[{"count":28,"href":"https:\/\/robostock.vn\/web\/wp-json\/wp\/v2\/pages\/1332\/revisions"}],"predecessor-version":[{"id":1413,"href":"https:\/\/robostock.vn\/web\/wp-json\/wp\/v2\/pages\/1332\/revisions\/1413"}],"wp:attachment":[{"href":"https:\/\/robostock.vn\/web\/wp-json\/wp\/v2\/media?parent=1332"}],"curies":[{"name":"wp","href":"https:\/\/api.w.org\/{rel}","templated":true}]}}