{"id":271,"date":"2016-09-14T01:16:07","date_gmt":"2016-09-13T18:16:07","guid":{"rendered":"http:\/\/robostock.vn\/web\/?page_id=2"},"modified":"2024-11-26T09:14:51","modified_gmt":"2024-11-26T02:14:51","slug":"lien-he","status":"publish","type":"page","link":"https:\/\/robostock.vn\/web\/lien-he\/","title":{"rendered":"Li\u00ean h\u1ec7"},"content":{"rendered":"<p><span class=\"goog-text-highlight\">Robostock do Linh Nguy\u1ec5n s\u00e1ng l\u1eadp v\u00e0 tri\u1ec3n khai c\u00e1c d\u1ecbch v\u1ee5: <\/span><br \/>\n<span class=\"goog-text-highlight\">&#8211; \u0110\u00e0o t\u1ea1o ch\u1ee9ng kho\u00e1n <\/span><br \/>\n<span class=\"goog-text-highlight\">&#8211; T\u01b0 v\u1ea5n \u0111\u1ea7u t\u01b0 v\u00e0 qu\u1ea3n l\u00fd t\u00e0i kho\u1ea3n Kh\u00e1ch h\u00e0ng<\/span><br \/>\n<span class=\"goog-text-highlight\">\u0110\u1ecba ch\u1ec9: 385 Tr\u1ea7n \u0110\u1ea1i Ngh\u0129a &#8211; Hai B\u00e0 Tr\u01b0ng &#8211; H\u00e0 N\u1ed9i <\/span><br \/>\n<span class=\"goog-text-highlight\">Email: robostock.vn@gmail.com <\/span><br \/>\n<span class=\"goog-text-highlight\">S\u1ed1 Hotline : 0979.652.582<\/span><br \/>\n<span class=\"goog-text-highlight\">Facebook: <\/span><a class=\"md-opjjpmhoiojifppkkcdabiobhakljdgm_doc\" href=\"https:\/\/www.facebook.com\/robostock.vn\"><span class=\"goog-text-highlight\">https:\/\/www.facebook.com\/robostock.vn<\/span><\/a><\/p>\n<h2><strong>TI\u00caU CH\u00cd H\u00c0NG \u0110\u1ea6U C\u1ee6A RBS L\u00c0 &#8220;KH\u00d4NG \u0110\u1ec2 KH\u00c1CH H\u00c0NG M\u1ea4T TI\u1ec0N&#8221;<\/strong><\/h2>\n<h3><strong>1. Linh Nguy\u1ec5n<\/strong><\/h3>\n<p><a href=\"https:\/\/robostock.vn\/web\/wp-content\/uploads\/2024\/11\/466913958_10212123483479956_3716109545116926036_n.jpg\"><img loading=\"lazy\" decoding=\"async\" class=\"aligncenter size-full wp-image-1499\" src=\"https:\/\/robostock.vn\/web\/wp-content\/uploads\/2024\/11\/466913958_10212123483479956_3716109545116926036_n.jpg\" alt=\"\" width=\"949\" height=\"960\" srcset=\"https:\/\/robostock.vn\/web\/wp-content\/uploads\/2024\/11\/466913958_10212123483479956_3716109545116926036_n.jpg 949w, https:\/\/robostock.vn\/web\/wp-content\/uploads\/2024\/11\/466913958_10212123483479956_3716109545116926036_n-297x300.jpg 297w, https:\/\/robostock.vn\/web\/wp-content\/uploads\/2024\/11\/466913958_10212123483479956_3716109545116926036_n-768x777.jpg 768w\" sizes=\"auto, (max-width: 709px) 85vw, (max-width: 909px) 67vw, (max-width: 1362px) 62vw, 840px\" \/><\/a><br \/>\n\u0110i\u1ec7n tho\u1ea1i di \u0111\u1ed9ng\/Zalo: 0979.652.582<br \/>\nEmail: linhnguyen9696@gmail.com<br \/>\nFacebook: <a class=\"md-opjjpmhoiojifppkkcdabiobhakljdgm_doc\" href=\"https:\/\/www.facebook.com\/linhnguyen9696\">https:\/\/www.facebook.com\/linhnguyen9696<\/a><\/p>\n","protected":false},"excerpt":{"rendered":"<p>Robostock do Linh Nguy\u1ec5n s\u00e1ng l\u1eadp v\u00e0 tri\u1ec3n khai c\u00e1c d\u1ecbch v\u1ee5: &#8211; \u0110\u00e0o t\u1ea1o ch\u1ee9ng kho\u00e1n &#8211; T\u01b0 v\u1ea5n \u0111\u1ea7u t\u01b0 v\u00e0 qu\u1ea3n l\u00fd t\u00e0i kho\u1ea3n Kh\u00e1ch h\u00e0ng \u0110\u1ecba ch\u1ec9: 385 Tr\u1ea7n \u0110\u1ea1i Ngh\u0129a &#8211; Hai B\u00e0 Tr\u01b0ng &#8211; H\u00e0 N\u1ed9i Email: robostock.vn@gmail.com S\u1ed1 Hotline : 0979.652.582 Facebook: https:\/\/www.facebook.com\/robostock.vn TI\u00caU CH\u00cd H\u00c0NG \u0110\u1ea6U C\u1ee6A &hellip; <a href=\"https:\/\/robostock.vn\/web\/lien-he\/\" class=\"more-link\">Continue reading<span class=\"screen-reader-text\"> &#8220;Li\u00ean h\u1ec7&#8221;<\/span><\/a><\/p>\n","protected":false},"author":1,"featured_media":0,"parent":0,"menu_order":0,"comment_status":"closed","ping_status":"closed","template":"","meta":{"footnotes":""},"class_list":["post-271","page","type-page","status-publish","hentry"],"_links":{"self":[{"href":"https:\/\/robostock.vn\/web\/wp-json\/wp\/v2\/pages\/271","targetHints":{"allow":["GET"]}}],"collection":[{"href":"https:\/\/robostock.vn\/web\/wp-json\/wp\/v2\/pages"}],"about":[{"href":"https:\/\/robostock.vn\/web\/wp-json\/wp\/v2\/types\/page"}],"author":[{"embeddable":true,"href":"https:\/\/robostock.vn\/web\/wp-json\/wp\/v2\/users\/1"}],"replies":[{"embeddable":true,"href":"https:\/\/robostock.vn\/web\/wp-json\/wp\/v2\/comments?post=271"}],"version-history":[{"count":1,"href":"https:\/\/robostock.vn\/web\/wp-json\/wp\/v2\/pages\/271\/revisions"}],"predecessor-version":[{"id":1500,"href":"https:\/\/robostock.vn\/web\/wp-json\/wp\/v2\/pages\/271\/revisions\/1500"}],"wp:attachment":[{"href":"https:\/\/robostock.vn\/web\/wp-json\/wp\/v2\/media?parent=271"}],"curies":[{"name":"wp","href":"https:\/\/api.w.org\/{rel}","templated":true}]}}